{"id":718,"date":"2018-07-03T12:47:55","date_gmt":"2018-07-03T15:47:55","guid":{"rendered":"https:\/\/ies6009-sal.infd.edu.ar\/sitio\/informacion-para-alumnos\/"},"modified":"2023-12-01T09:17:25","modified_gmt":"2023-12-01T12:17:25","slug":"informacion-para-alumnos","status":"publish","type":"page","link":"https:\/\/ies6009-sal.infd.edu.ar\/sitio\/informacion-para-alumnos\/","title":{"rendered":"Informaci\u00f3n para alumnos"},"content":{"rendered":"<table id=\"establecimiento\" style=\"width: 528px; height: 331px;\" border=\"1\" cellspacing=\"0\">\n<tbody>\n<tr>\n<th height=\"36\"><strong><img decoding=\"async\" loading=\"lazy\" src=\"http:\/\/dges.sal.infd.edu.ar\/sitio\/upload\/img\/thumbs\/1277434463_file_text.png\" alt=\"direccion\" width=\"32\" height=\"32\" align=\"absMiddle\" border=\"0\" \/>Documento<\/strong><\/th>\n<th height=\"36\"><img decoding=\"async\" loading=\"lazy\" src=\"http:\/\/dges.sal.infd.edu.ar\/sitio\/upload\/img\/thumbs\/1277436316_ahmad_hania_logo.png\" alt=\"establecimiento\" width=\"32\" height=\"32\" align=\"absMiddle\" border=\"0\" \/>Descripci\u00f3n<\/th>\n<th>Bajar<\/th>\n<\/tr>\n<tr>\n<td width=\"204\" height=\"35\"><strong>Resoluci\u00f3n 2484\/13<\/strong><\/td>\n<td width=\"386\" height=\"35\"><strong><strong>Regimen Academico Marco<\/strong>\u00a0&#8211; RAM<\/strong><\/td>\n<td width=\"69\" height=\"35\">\u00a0 \u00a0 <a title=\"Regimen Academico Marco - RAM\" href=\"upload\/Res._2484-13_RAM.pdf\" target=\"_blank\" rel=\"noopener\">\u00a0Aqu\u00ed<\/a><\/td>\n<\/tr>\n<tr>\n<td width=\"204\" height=\"35\"><strong>Resolucion 3418\/12<\/strong><\/td>\n<td width=\"386\" height=\"35\"><strong>Reglamento de Practicas y Residencia en las Carreras de Formacion Docente<\/strong><\/td>\n<td width=\"69\" height=\"35\">\u00a0 \u00a0 \u00a0<a title=\"Reglamento Pr\u00e1ctica y Residencia\" href=\"upload\/Res_3418_Reglamento_de_Practicas_y_Residencia_en_las_carreras_de_Formacion_Docente.pdf\" target=\"_blank\" rel=\"noopener\">Aqu\u00ed<\/a><\/td>\n<\/tr>\n<tr>\n<td width=\"204\" height=\"35\"><strong>Resoluci\u00f3n 1229-19<\/strong><\/td>\n<td width=\"386\" height=\"35\"><strong>Correlativad 1229-19\u00a0 PEP<\/strong><\/td>\n<td width=\"69\" height=\"35\"><a href=\"https:\/\/drive.google.com\/file\/d\/132bnxRrhX2Lc_Ust9uDr3T3tWzAs3qlh\/view?usp=sharing\">Aqu\u00ed<\/a><\/td>\n<\/tr>\n<tr>\n<td width=\"204\" height=\"35\"><strong>Resoluci\u00f3n 4256\/06<\/strong><\/td>\n<td width=\"386\" height=\"35\"><strong>R\u00e9gimen de Correlativades &#8211; TST<\/strong><\/td>\n<td width=\"69\" height=\"35\"><a href=\"https:\/\/drive.google.com\/file\/d\/1L3wWt8A6z1edh13FXV5YRsGq1sUjz4_Z\/view?usp=sharing\">Aqu\u00ed<\/a><\/td>\n<\/tr>\n<\/tbody>\n<\/table>\n<table id=\"establecimiento\" style=\"width: 528px; height: 143px;\" border=\"1\" cellspacing=\"0\">\n<tbody>\n<tr>\n<td width=\"204\" height=\"35\"><strong>Resoluci\u00f3n 4273\/19<\/strong><\/td>\n<td width=\"386\" height=\"35\"><strong>PEE &#8211; Con Orientaci\u00f3n en Discapacidad Intelectual<\/strong><\/td>\n<td width=\"69\" height=\"35\"><a href=\"https:\/\/drive.google.com\/file\/d\/1ULsgAqVkgWV-2yJ2Lg2Kpb_WRZdkFZgm\/view?usp=sharing\">Aqu\u00ed<\/a><\/td>\n<\/tr>\n<tr>\n<td width=\"204\" height=\"35\"><strong>Resoluci\u00f3n 1229-19<\/strong><\/td>\n<td width=\"386\" height=\"35\"><strong>Resoluci\u00f3n 1229-19<\/strong><\/td>\n<td width=\"69\" height=\"35\"><a href=\"https:\/\/drive.google.com\/file\/d\/1pE4Sxx3_hdAp3k65a0vB4nQrJABwyA1F\/view?usp=sharing\">Aqu\u00ed<\/a><\/td>\n<\/tr>\n<tr>\n<td width=\"204\" height=\"35\"><\/td>\n<td width=\"386\" height=\"35\"><strong>Correlatividades PEE 4273<\/strong><\/td>\n<td width=\"69\" height=\"35\"><a href=\"https:\/\/drive.google.com\/file\/d\/1Y2nFX6iKAizx9DLA642NIVpxxSkf6yHS\/view?usp=sharing\">Aqu\u00ed<\/a><\/td>\n<\/tr>\n<tr>\n<td width=\"204\" height=\"35\"><\/td>\n<td width=\"386\" height=\"35\"><strong>Modelo de Certificado de Control Anual de Salud Integral<\/strong><\/td>\n<td width=\"69\" height=\"35\"><a href=\"https:\/\/ies6009-sal.infd.edu.ar\/sitio\/wp-content\/uploads\/2023\/06\/Formulario-Certificado-de-Control-Anual-de-Salud-Integral-Oblig-1.pdf\">Aqu\u00ed<\/a><\/td>\n<\/tr>\n<\/tbody>\n<\/table>\n<table id=\"establecimiento\" style=\"width: 528px; height: 331px;\" border=\"1\" cellspacing=\"0\">\n<tbody>\n<tr>\n<th style=\"text-align: center;\" height=\"36\"><\/th>\n<th style=\"text-align: left;\" height=\"36\">Ficha de Inscripci\u00f3n 2\u00ba,3\u00ba y 4\u00ba a\u00f1o<\/th>\n<th style=\"text-align: left;\"><a href=\"https:\/\/ies6009-sal.infd.edu.ar\/sitio\/wp-content\/uploads\/2023\/10\/ficha-de-inscripcion-2-3-y-4-ano.pdf\">Aqu\u00ed<\/a><\/th>\n<\/tr>\n<tr>\n<td width=\"204\" height=\"35\"><\/td>\n<td style=\"text-align: left;\" width=\"386\" height=\"35\"><strong>Ficha de Inscripci\u00f3n Ingresantes<\/strong><\/td>\n<td width=\"69\" height=\"35\"><a href=\"https:\/\/docs.google.com\/document\/d\/1s-qr-2p1CVxYDny59Mt2EHqCZH0f-fBK\/edit?usp=sharing&amp;ouid=116670046592129602038&amp;rtpof=true&amp;sd=true\">Aqu\u00ed<\/a><\/td>\n<\/tr>\n<tr>\n<td style=\"text-align: left;\" width=\"204\" height=\"35\"><\/td>\n<td style=\"text-align: left;\" width=\"386\" height=\"35\">Condicionalidad 2020<\/td>\n<td width=\"69\" height=\"35\"><a href=\"https:\/\/drive.google.com\/drive\/folders\/1RLbOpeaAFVZs1IPMNJicsjhHBxcxkq0s?usp=sharing\">Aqu\u00ed<\/a><\/td>\n<\/tr>\n<tr>\n<td width=\"204\" height=\"35\"><\/td>\n<td width=\"386\" height=\"35\"><\/td>\n<td width=\"69\" height=\"35\"><\/td>\n<\/tr>\n<tr>\n<td width=\"204\" height=\"35\"><\/td>\n<td width=\"386\" height=\"35\"><\/td>\n<td width=\"69\" height=\"35\"><\/td>\n<\/tr>\n<\/tbody>\n<\/table>\n<table id=\"establecimiento\" style=\"width: 528px; height: 143px;\" border=\"1\" cellspacing=\"0\">\n<tbody>\n<tr>\n<td width=\"204\" height=\"35\"><\/td>\n<td width=\"386\" height=\"35\"><\/td>\n<td width=\"69\" height=\"35\"><\/td>\n<\/tr>\n<tr>\n<td width=\"204\" height=\"35\"><\/td>\n<td width=\"386\" height=\"35\"><\/td>\n<td width=\"69\" height=\"35\"><\/td>\n<\/tr>\n<tr>\n<td width=\"204\" height=\"35\"><\/td>\n<td width=\"386\" height=\"35\"><\/td>\n<td width=\"69\" height=\"35\"><\/td>\n<\/tr>\n<tr>\n<td width=\"204\" height=\"35\"><\/td>\n<td width=\"386\" height=\"35\"><\/td>\n<td width=\"69\" height=\"35\"><\/td>\n<\/tr>\n<\/tbody>\n<\/table>\n","protected":false},"excerpt":{"rendered":"<p>Documento Descripci\u00f3n Bajar Resoluci\u00f3n 2484\/13 Regimen Academico Marco\u00a0&#8211; RAM \u00a0 \u00a0 \u00a0Aqu\u00ed Resolucion 3418\/12 Reglamento de Practicas y Residencia en las Carreras de Formacion Docente \u00a0 \u00a0 \u00a0Aqu\u00ed Resoluci\u00f3n 1229-19 Correlativad 1229-19\u00a0 PEP Aqu\u00ed Resoluci\u00f3n 4256\/06 R\u00e9gimen de Correlativades &#8211; TST Aqu\u00ed Resoluci\u00f3n 4273\/19 PEE &#8211; Con Orientaci\u00f3n en Discapacidad Intelectual Aqu\u00ed Resoluci\u00f3n 1229-19 Resoluci\u00f3n &#8230; <a title=\"Informaci\u00f3n para alumnos\" class=\"read-more\" href=\"https:\/\/ies6009-sal.infd.edu.ar\/sitio\/informacion-para-alumnos\/\" aria-label=\"More on Informaci\u00f3n para alumnos\">[+]<\/a><\/p>\n","protected":false},"author":25,"featured_media":0,"parent":0,"menu_order":0,"comment_status":"closed","ping_status":"closed","template":"","meta":[],"acf":[],"_links":{"self":[{"href":"https:\/\/ies6009-sal.infd.edu.ar\/sitio\/wp-json\/wp\/v2\/pages\/718"}],"collection":[{"href":"https:\/\/ies6009-sal.infd.edu.ar\/sitio\/wp-json\/wp\/v2\/pages"}],"about":[{"href":"https:\/\/ies6009-sal.infd.edu.ar\/sitio\/wp-json\/wp\/v2\/types\/page"}],"author":[{"embeddable":true,"href":"https:\/\/ies6009-sal.infd.edu.ar\/sitio\/wp-json\/wp\/v2\/users\/25"}],"replies":[{"embeddable":true,"href":"https:\/\/ies6009-sal.infd.edu.ar\/sitio\/wp-json\/wp\/v2\/comments?post=718"}],"version-history":[{"count":9,"href":"https:\/\/ies6009-sal.infd.edu.ar\/sitio\/wp-json\/wp\/v2\/pages\/718\/revisions"}],"predecessor-version":[{"id":1365,"href":"https:\/\/ies6009-sal.infd.edu.ar\/sitio\/wp-json\/wp\/v2\/pages\/718\/revisions\/1365"}],"wp:attachment":[{"href":"https:\/\/ies6009-sal.infd.edu.ar\/sitio\/wp-json\/wp\/v2\/media?parent=718"}],"curies":[{"name":"wp","href":"https:\/\/api.w.org\/{rel}","templated":true}]}}