{"id":286,"date":"2016-10-31T13:17:59","date_gmt":"2016-10-31T16:17:59","guid":{"rendered":"https:\/\/ies6009-sal.infd.edu.ar\/sitio\/?page_id=286"},"modified":"2026-05-15T20:20:41","modified_gmt":"2026-05-15T23:20:41","slug":"inicio","status":"publish","type":"page","link":"https:\/\/ies6009-sal.infd.edu.ar\/sitio\/","title":{"rendered":"Inicio"},"content":{"rendered":"<p><strong><span style=\"color: #ff0000;\">TURNO DE EX\u00c1MENES JULIO 2026<\/span><\/strong><\/p>\n<p><iframe loading=\"lazy\" src=\"https:\/\/drive.google.com\/file\/d\/1myLP3982BOfxvBSvS7jOl76l37ia5AER\/preview\" width=\"640\" height=\"480\"><\/iframe><\/p>\n<p>&nbsp;<\/p>\n<hr \/>\n<h2 style=\"text-align: center;\"><strong><span style=\"color: #3e748e; font-family: arial, helvetica, sans-serif; font-size: medium; text-align: center;\">Instituto de Educaci\u00f3n Superior N\u00ba 6009<\/span><\/strong><\/h2>\n<p><img decoding=\"async\" loading=\"lazy\" class=\"wp-image-1350 aligncenter\" style=\"text-align: center;\" src=\"https:\/\/ies6009-sal.infd.edu.ar\/sitio\/wp-content\/uploads\/2023\/10\/IES6009-FRENTE-500x441.jpeg\" alt=\"\" width=\"257\" height=\"226\" \/><\/p>\n<p style=\"text-align: justify;\"><span style=\"font-family: Verdana; font-size: 10pt;\">A trav\u00e9s de este sitio en Internet<\/span><span style=\"font-family: Verdana; font-size: 10pt;\">, nuestro Instituto podr\u00e1 com<\/span><span style=\"font-family: Verdana; font-size: 10pt;\">unicar novedades, acercar informaci\u00f3n, compartir experiencias y brindar apoyo y asesoramiento a\u00a0alumnos, docentes e interesados en formar parte de esta comunidad educativa.<\/span><\/p>\n","protected":false},"excerpt":{"rendered":"<p>TURNO DE EX\u00c1MENES JULIO 2026 &nbsp; Instituto de Educaci\u00f3n Superior N\u00ba 6009 A trav\u00e9s de este sitio en Internet, nuestro Instituto podr\u00e1 comunicar novedades, acercar informaci\u00f3n, compartir experiencias y brindar apoyo y asesoramiento a\u00a0alumnos, docentes e interesados en formar parte de esta comunidad educativa.<\/p>\n","protected":false},"author":1,"featured_media":0,"parent":0,"menu_order":0,"comment_status":"closed","ping_status":"closed","template":"","meta":[],"acf":[],"_links":{"self":[{"href":"https:\/\/ies6009-sal.infd.edu.ar\/sitio\/wp-json\/wp\/v2\/pages\/286"}],"collection":[{"href":"https:\/\/ies6009-sal.infd.edu.ar\/sitio\/wp-json\/wp\/v2\/pages"}],"about":[{"href":"https:\/\/ies6009-sal.infd.edu.ar\/sitio\/wp-json\/wp\/v2\/types\/page"}],"author":[{"embeddable":true,"href":"https:\/\/ies6009-sal.infd.edu.ar\/sitio\/wp-json\/wp\/v2\/users\/1"}],"replies":[{"embeddable":true,"href":"https:\/\/ies6009-sal.infd.edu.ar\/sitio\/wp-json\/wp\/v2\/comments?post=286"}],"version-history":[{"count":460,"href":"https:\/\/ies6009-sal.infd.edu.ar\/sitio\/wp-json\/wp\/v2\/pages\/286\/revisions"}],"predecessor-version":[{"id":1624,"href":"https:\/\/ies6009-sal.infd.edu.ar\/sitio\/wp-json\/wp\/v2\/pages\/286\/revisions\/1624"}],"wp:attachment":[{"href":"https:\/\/ies6009-sal.infd.edu.ar\/sitio\/wp-json\/wp\/v2\/media?parent=286"}],"curies":[{"name":"wp","href":"https:\/\/api.w.org\/{rel}","templated":true}]}}